{"id":1688,"date":"2025-06-04T21:25:17","date_gmt":"2025-06-04T21:25:17","guid":{"rendered":"https:\/\/redlat.cl\/?page_id=1688"},"modified":"2026-04-02T20:08:59","modified_gmt":"2026-04-02T20:08:59","slug":"redes","status":"publish","type":"page","link":"https:\/\/redlat.cl\/index.php\/redes\/","title":{"rendered":"REDES"},"content":{"rendered":"\t\t<div data-elementor-type=\"wp-page\" data-elementor-id=\"1688\" class=\"elementor elementor-1688\">\n\t\t\t\t<div class=\"elementor-element elementor-element-c00a0ea e-flex e-con-boxed e-con e-parent\" data-id=\"c00a0ea\" data-element_type=\"container\" data-e-type=\"container\">\n\t\t\t\t\t<div class=\"e-con-inner\">\n\t\t<div class=\"elementor-element elementor-element-74d5f38 e-con-full e-flex e-con e-child\" data-id=\"74d5f38\" data-element_type=\"container\" data-e-type=\"container\">\n\t\t<div class=\"elementor-element elementor-element-8264d48 e-grid e-con-full e-con e-child\" data-id=\"8264d48\" data-element_type=\"container\" data-e-type=\"container\">\n\t\t\t\t<div class=\"elementor-element elementor-element-d9ad970 elementor-widget elementor-widget-image\" data-id=\"d9ad970\" data-element_type=\"widget\" data-e-type=\"widget\" data-widget_type=\"image.default\">\n\t\t\t\t<div class=\"elementor-widget-container\">\n\t\t\t\t\t\t\t\t\t\t\t\t\t\t\t<img fetchpriority=\"high\" decoding=\"async\" width=\"572\" height=\"164\" src=\"https:\/\/redlat.cl\/wp-content\/uploads\/2025\/06\/logo-clacso.png\" class=\"attachment-large size-large wp-image-1947\" alt=\"\" srcset=\"https:\/\/redlat.cl\/wp-content\/uploads\/2025\/06\/logo-clacso.png 572w, https:\/\/redlat.cl\/wp-content\/uploads\/2025\/06\/logo-clacso-300x86.png 300w\" sizes=\"(max-width: 572px) 100vw, 572px\" \/>\t\t\t\t\t\t\t\t\t\t\t\t\t\t\t<\/div>\n\t\t\t\t<\/div>\n\t\t\t\t<\/div>\n\t\t\t\t<\/div>\n\t\t<div class=\"elementor-element elementor-element-d28ec6c e-con-full e-flex e-con e-child\" data-id=\"d28ec6c\" data-element_type=\"container\" data-e-type=\"container\">\n\t\t\t\t<div class=\"elementor-element elementor-element-dd9fb11 elementor-widget elementor-widget-text-editor\" data-id=\"dd9fb11\" data-element_type=\"widget\" data-e-type=\"widget\" data-widget_type=\"text-editor.default\">\n\t\t\t\t<div class=\"elementor-widget-container\">\n\t\t\t\t\t\t\t\t\t<p><strong>Consejo Latinoamericano de Ciencias Sociales, CLACSO<\/strong><\/p><ul><li><span style=\"font-size: 0.875rem;\"><a href=\"https:\/\/www.clacso.org\/categoria\/grupos-de-trabajo\/grupos-de-trabajo-2023-2025\/grupo-de-trabajo-educacion-popular-y-pedagogias-criticas-2023-2025\/\" target=\"_blank\" rel=\"noopener\">Grupo de Trabajo Educaci\u00f3n popular y pedagog\u00edas cr\u00edticas\u00a0<\/a><\/span><\/li><li><a href=\"https:\/\/www.clacso.org\/grupos-de-trabajo\/producciones-y-contenidos\/gt\/?search=gt_seccion&amp;gt_especifico=grupo-de-trabajo-educacion-e-interculturalidad-2023-2025&amp;seccion=presentacion\"><span style=\"font-size: 0.875rem;\">Grupo de Trabajo CLACSO Educaci\u00f3n e Interculturalidad<\/span><\/a><\/li><li><a href=\"https:\/\/www.clacso.org\/categoria\/grupos-de-trabajo\/grupos-de-trabajo-2023-2025\/grupo-de-trabajo-politicas-educativas-y-derecho-a-la-educacion-2023-2025\/\">Grupo de Trabajo Pol\u00edticas educativas y derecho a la educaci\u00f3n<\/a><\/li><\/ul>\t\t\t\t\t\t\t\t<\/div>\n\t\t\t\t<\/div>\n\t\t\t\t<\/div>\n\t\t\t\t\t<\/div>\n\t\t\t\t<\/div>\n\t\t<div class=\"elementor-element elementor-element-25a019f e-flex e-con-boxed e-con e-parent\" data-id=\"25a019f\" data-element_type=\"container\" data-e-type=\"container\">\n\t\t\t\t\t<div class=\"e-con-inner\">\n\t\t<div class=\"elementor-element elementor-element-d4ddd51 e-con-full e-flex e-con e-child\" data-id=\"d4ddd51\" data-element_type=\"container\" data-e-type=\"container\">\n\t\t<div class=\"elementor-element elementor-element-20dccda e-grid e-con-full e-con e-child\" data-id=\"20dccda\" data-element_type=\"container\" data-e-type=\"container\">\n\t\t\t\t<div class=\"elementor-element elementor-element-70788f0 elementor-widget elementor-widget-image\" data-id=\"70788f0\" data-element_type=\"widget\" data-e-type=\"widget\" data-widget_type=\"image.default\">\n\t\t\t\t<div class=\"elementor-widget-container\">\n\t\t\t\t\t\t\t\t\t\t\t\t\t\t\t<img decoding=\"async\" width=\"800\" height=\"450\" src=\"https:\/\/redlat.cl\/wp-content\/uploads\/2025\/06\/LOGO-WEB-doctorado-1024x576.png\" class=\"attachment-large size-large wp-image-1944\" alt=\"\" srcset=\"https:\/\/redlat.cl\/wp-content\/uploads\/2025\/06\/LOGO-WEB-doctorado-1024x576.png 1024w, https:\/\/redlat.cl\/wp-content\/uploads\/2025\/06\/LOGO-WEB-doctorado-300x169.png 300w, https:\/\/redlat.cl\/wp-content\/uploads\/2025\/06\/LOGO-WEB-doctorado-768x432.png 768w, https:\/\/redlat.cl\/wp-content\/uploads\/2025\/06\/LOGO-WEB-doctorado.png 1280w\" sizes=\"(max-width: 800px) 100vw, 800px\" \/>\t\t\t\t\t\t\t\t\t\t\t\t\t\t\t<\/div>\n\t\t\t\t<\/div>\n\t\t\t\t<\/div>\n\t\t\t\t<\/div>\n\t\t<div class=\"elementor-element elementor-element-5c5ed61 e-con-full e-flex e-con e-child\" data-id=\"5c5ed61\" data-element_type=\"container\" data-e-type=\"container\">\n\t\t\t\t<div class=\"elementor-element elementor-element-c07301d elementor-widget elementor-widget-text-editor\" data-id=\"c07301d\" data-element_type=\"widget\" data-e-type=\"widget\" data-widget_type=\"text-editor.default\">\n\t\t\t\t<div class=\"elementor-widget-container\">\n\t\t\t\t\t\t\t\t\t<ul><li><a href=\"https:\/\/doctoradoeneducacion.cl\/\">Doctorado en Educaci\u00f3n Consorciado<\/a><\/li><\/ul>\t\t\t\t\t\t\t\t<\/div>\n\t\t\t\t<\/div>\n\t\t\t\t<\/div>\n\t\t\t\t\t<\/div>\n\t\t\t\t<\/div>\n\t\t<div class=\"elementor-element elementor-element-a62a6e4 e-flex e-con-boxed e-con e-parent\" data-id=\"a62a6e4\" data-element_type=\"container\" data-e-type=\"container\">\n\t\t\t\t\t<div class=\"e-con-inner\">\n\t\t<div class=\"elementor-element elementor-element-654d78d e-con-full e-flex e-con e-child\" data-id=\"654d78d\" data-element_type=\"container\" data-e-type=\"container\">\n\t\t<div class=\"elementor-element elementor-element-7c166b7 e-grid e-con-full e-con e-child\" data-id=\"7c166b7\" data-element_type=\"container\" data-e-type=\"container\">\n\t\t\t\t<div class=\"elementor-element elementor-element-b1fbc15 elementor-widget elementor-widget-image\" data-id=\"b1fbc15\" data-element_type=\"widget\" data-e-type=\"widget\" data-widget_type=\"image.default\">\n\t\t\t\t<div class=\"elementor-widget-container\">\n\t\t\t\t\t\t\t\t\t\t\t\t\t\t\t<img decoding=\"async\" src=\"https:\/\/redlat.cl\/wp-content\/uploads\/2025\/06\/logo-Pedagogias-latinoamericanas.png\" title=\"\" alt=\"\" loading=\"lazy\" \/>\t\t\t\t\t\t\t\t\t\t\t\t\t\t\t<\/div>\n\t\t\t\t<\/div>\n\t\t\t\t<\/div>\n\t\t\t\t<\/div>\n\t\t<div class=\"elementor-element elementor-element-071f4b9 e-con-full e-flex e-con e-child\" data-id=\"071f4b9\" data-element_type=\"container\" data-e-type=\"container\">\n\t\t\t\t<div class=\"elementor-element elementor-element-a2c88c2 elementor-widget elementor-widget-text-editor\" data-id=\"a2c88c2\" data-element_type=\"widget\" data-e-type=\"widget\" data-widget_type=\"text-editor.default\">\n\t\t\t\t<div class=\"elementor-widget-container\">\n\t\t\t\t\t\t\t\t\t<ul><li><a href=\"https:\/\/pedagogiascriticas.cl\/\">Grupo de Investigaci\u00f3n de Pedagog\u00edas Latinoamericanas: Educaci\u00f3n, Pol\u00edtica y Ciudadan\u00eda (GIPLA)<\/a><\/li><\/ul>\t\t\t\t\t\t\t\t<\/div>\n\t\t\t\t<\/div>\n\t\t\t\t<\/div>\n\t\t\t\t\t<\/div>\n\t\t\t\t<\/div>\n\t\t<div class=\"elementor-element elementor-element-c1cd533 e-flex e-con-boxed e-con e-parent\" data-id=\"c1cd533\" data-element_type=\"container\" data-e-type=\"container\">\n\t\t\t\t\t<div class=\"e-con-inner\">\n\t\t<div class=\"elementor-element elementor-element-93be579 e-con-full e-flex e-con e-child\" data-id=\"93be579\" data-element_type=\"container\" data-e-type=\"container\">\n\t\t<div class=\"elementor-element elementor-element-ebd8df7 e-grid e-con-full e-con e-child\" data-id=\"ebd8df7\" data-element_type=\"container\" data-e-type=\"container\">\n\t\t\t\t<div class=\"elementor-element elementor-element-63bf7c3 elementor-widget elementor-widget-image\" data-id=\"63bf7c3\" data-element_type=\"widget\" data-e-type=\"widget\" data-widget_type=\"image.default\">\n\t\t\t\t<div class=\"elementor-widget-container\">\n\t\t\t\t\t\t\t\t\t\t\t\t\t\t\t<img decoding=\"async\" src=\"https:\/\/redlat.cl\/wp-content\/uploads\/2025\/06\/logo-participacion-social.png\" title=\"\" alt=\"\" loading=\"lazy\" \/>\t\t\t\t\t\t\t\t\t\t\t\t\t\t\t<\/div>\n\t\t\t\t<\/div>\n\t\t\t\t<\/div>\n\t\t\t\t<\/div>\n\t\t<div class=\"elementor-element elementor-element-088de90 e-con-full e-flex e-con e-child\" data-id=\"088de90\" data-element_type=\"container\" data-e-type=\"container\">\n\t\t\t\t<div class=\"elementor-element elementor-element-5793307 elementor-widget elementor-widget-text-editor\" data-id=\"5793307\" data-element_type=\"widget\" data-e-type=\"widget\" data-widget_type=\"text-editor.default\">\n\t\t\t\t<div class=\"elementor-widget-container\">\n\t\t\t\t\t\t\t\t\t<ul><li><a href=\"https:\/\/participacionsocialyterritorio.cl\/\">Observatorio de Participaci\u00f3n Social y Territorio<\/a><\/li><\/ul>\t\t\t\t\t\t\t\t<\/div>\n\t\t\t\t<\/div>\n\t\t\t\t<\/div>\n\t\t\t\t\t<\/div>\n\t\t\t\t<\/div>\n\t\t<div class=\"elementor-element elementor-element-2ba0b49 e-flex e-con-boxed e-con e-parent\" data-id=\"2ba0b49\" data-element_type=\"container\" data-e-type=\"container\">\n\t\t\t\t\t<div class=\"e-con-inner\">\n\t\t<div class=\"elementor-element elementor-element-995ab9f e-con-full e-flex e-con e-child\" data-id=\"995ab9f\" data-element_type=\"container\" data-e-type=\"container\">\n\t\t<div class=\"elementor-element elementor-element-c05178e e-grid e-con-full e-con e-child\" data-id=\"c05178e\" data-element_type=\"container\" data-e-type=\"container\">\n\t\t\t\t<div class=\"elementor-element elementor-element-8e0aa9a elementor-widget elementor-widget-image\" data-id=\"8e0aa9a\" data-element_type=\"widget\" data-e-type=\"widget\" data-widget_type=\"image.default\">\n\t\t\t\t<div class=\"elementor-widget-container\">\n\t\t\t\t\t\t\t\t\t\t\t\t\t\t\t<img decoding=\"async\" src=\"https:\/\/redlat.cl\/wp-content\/uploads\/2025\/06\/logo-ariadna-ediciones.png\" title=\"\" alt=\"\" loading=\"lazy\" \/>\t\t\t\t\t\t\t\t\t\t\t\t\t\t\t<\/div>\n\t\t\t\t<\/div>\n\t\t\t\t<\/div>\n\t\t\t\t<\/div>\n\t\t<div class=\"elementor-element elementor-element-3f939ae e-con-full e-flex e-con e-child\" data-id=\"3f939ae\" data-element_type=\"container\" data-e-type=\"container\">\n\t\t\t\t<div class=\"elementor-element elementor-element-54d653c elementor-widget elementor-widget-text-editor\" data-id=\"54d653c\" data-element_type=\"widget\" data-e-type=\"widget\" data-widget_type=\"text-editor.default\">\n\t\t\t\t<div class=\"elementor-widget-container\">\n\t\t\t\t\t\t\t\t\t<ul><li><a href=\"http:\/\/ariadnaediciones.cl\/index.php?option=com_content&amp;view=category&amp;layout=blog&amp;id=101&amp;Itemid=246\">Colecci\u00f3n de Pedagog\u00eda Cr\u00edtica Latinoamericana<\/a><br \/>Pachakuti (Ariadna Ediciones)<\/li><\/ul>\t\t\t\t\t\t\t\t<\/div>\n\t\t\t\t<\/div>\n\t\t\t\t<\/div>\n\t\t\t\t\t<\/div>\n\t\t\t\t<\/div>\n\t\t<div class=\"elementor-element elementor-element-fbf0f9e e-flex e-con-boxed e-con e-parent\" data-id=\"fbf0f9e\" data-element_type=\"container\" data-e-type=\"container\">\n\t\t\t\t\t<div class=\"e-con-inner\">\n\t\t<div class=\"elementor-element elementor-element-1801571 e-con-full e-flex e-con e-child\" data-id=\"1801571\" data-element_type=\"container\" data-e-type=\"container\">\n\t\t<div class=\"elementor-element elementor-element-81de1eb e-grid e-con-full e-con e-child\" data-id=\"81de1eb\" data-element_type=\"container\" data-e-type=\"container\">\n\t\t\t\t<div class=\"elementor-element elementor-element-abbaf40 elementor-widget elementor-widget-image\" data-id=\"abbaf40\" data-element_type=\"widget\" data-e-type=\"widget\" data-widget_type=\"image.default\">\n\t\t\t\t<div class=\"elementor-widget-container\">\n\t\t\t\t\t\t\t\t\t\t\t\t\t\t\t<img decoding=\"async\" width=\"800\" height=\"780\" src=\"https:\/\/redlat.cl\/wp-content\/uploads\/2026\/04\/ph_logo-1.jpg\" class=\"attachment-large size-large wp-image-2177\" alt=\"\" srcset=\"https:\/\/redlat.cl\/wp-content\/uploads\/2026\/04\/ph_logo-1.jpg 1012w, https:\/\/redlat.cl\/wp-content\/uploads\/2026\/04\/ph_logo-1-300x293.jpg 300w, https:\/\/redlat.cl\/wp-content\/uploads\/2026\/04\/ph_logo-1-768x749.jpg 768w\" sizes=\"(max-width: 800px) 100vw, 800px\" \/>\t\t\t\t\t\t\t\t\t\t\t\t\t\t\t<\/div>\n\t\t\t\t<\/div>\n\t\t\t\t<\/div>\n\t\t\t\t<\/div>\n\t\t<div class=\"elementor-element elementor-element-1fcd0e3 e-con-full e-flex e-con e-child\" data-id=\"1fcd0e3\" data-element_type=\"container\" data-e-type=\"container\">\n\t\t\t\t<div class=\"elementor-element elementor-element-04e639e elementor-widget elementor-widget-text-editor\" data-id=\"04e639e\" data-element_type=\"widget\" data-e-type=\"widget\" data-widget_type=\"text-editor.default\">\n\t\t\t\t<div class=\"elementor-widget-container\">\n\t\t\t\t\t\t\t\t\t<ul><li><a href=\"https:\/\/www.postcolonial-hierarchies.net\/\">Red de Jerarqu\u00edas poscoloniales en tiempos de paz y conflicto<\/a>.\u00a0<br \/>(Hierarquies)<\/li><\/ul>\t\t\t\t\t\t\t\t<\/div>\n\t\t\t\t<\/div>\n\t\t\t\t<\/div>\n\t\t\t\t\t<\/div>\n\t\t\t\t<\/div>\n\t\t<div class=\"elementor-element elementor-element-e5950ba e-flex e-con-boxed e-con e-parent\" data-id=\"e5950ba\" data-element_type=\"container\" data-e-type=\"container\">\n\t\t\t\t\t<div class=\"e-con-inner\">\n\t\t<div class=\"elementor-element elementor-element-bbcc30d e-con-full e-flex e-con e-child\" data-id=\"bbcc30d\" data-element_type=\"container\" data-e-type=\"container\">\n\t\t\t\t<\/div>\n\t\t<div class=\"elementor-element elementor-element-47e3391 e-con-full e-flex e-con e-child\" data-id=\"47e3391\" data-element_type=\"container\" data-e-type=\"container\">\n\t\t\t\t<\/div>\n\t\t\t\t\t<\/div>\n\t\t\t\t<\/div>\n\t\t<div class=\"elementor-element elementor-element-b6d0b87 e-flex e-con-boxed e-con e-parent\" data-id=\"b6d0b87\" data-element_type=\"container\" data-e-type=\"container\">\n\t\t\t\t\t<div class=\"e-con-inner\">\n\t\t<div class=\"elementor-element elementor-element-ba2cd7d e-grid e-con-full e-con e-child\" data-id=\"ba2cd7d\" data-element_type=\"container\" data-e-type=\"container\">\n\t\t\t\t<\/div>\n\t\t\t\t\t<\/div>\n\t\t\t\t<\/div>\n\t\t<div class=\"elementor-element elementor-element-4cedb18 e-flex e-con-boxed e-con e-parent\" data-id=\"4cedb18\" data-element_type=\"container\" data-e-type=\"container\">\n\t\t\t\t\t<div class=\"e-con-inner\">\n\t\t\t\t<div class=\"elementor-element elementor-element-3d3a803 elementor-widget elementor-widget-heading\" data-id=\"3d3a803\" data-element_type=\"widget\" data-e-type=\"widget\" data-widget_type=\"heading.default\">\n\t\t\t\t<div class=\"elementor-widget-container\">\n\t\t\t\t\t<h2 class=\"elementor-heading-title elementor-size-default\">A\u00f1ade aqu\u00ed tu texto de cabecera<\/h2>\t\t\t\t<\/div>\n\t\t\t\t<\/div>\n\t\t\t\t\t<\/div>\n\t\t\t\t<\/div>\n\t\t\t\t<\/div>\n\t\t","protected":false},"excerpt":{"rendered":"<p>Consejo Latinoamericano de Ciencias Sociales, CLACSO Grupo de Trabajo Educaci\u00f3n popular y pedagog\u00edas cr\u00edticas\u00a0 Grupo de Trabajo CLACSO Educaci\u00f3n e Interculturalidad Grupo de Trabajo Pol\u00edticas educativas y derecho a la &#8230;<\/p>\n","protected":false},"author":1,"featured_media":0,"parent":0,"menu_order":0,"comment_status":"closed","ping_status":"closed","template":"","meta":{"footnotes":""},"class_list":["post-1688","page","type-page","status-publish","hentry"],"_links":{"self":[{"href":"https:\/\/redlat.cl\/index.php\/wp-json\/wp\/v2\/pages\/1688","targetHints":{"allow":["GET"]}}],"collection":[{"href":"https:\/\/redlat.cl\/index.php\/wp-json\/wp\/v2\/pages"}],"about":[{"href":"https:\/\/redlat.cl\/index.php\/wp-json\/wp\/v2\/types\/page"}],"author":[{"embeddable":true,"href":"https:\/\/redlat.cl\/index.php\/wp-json\/wp\/v2\/users\/1"}],"replies":[{"embeddable":true,"href":"https:\/\/redlat.cl\/index.php\/wp-json\/wp\/v2\/comments?post=1688"}],"version-history":[{"count":15,"href":"https:\/\/redlat.cl\/index.php\/wp-json\/wp\/v2\/pages\/1688\/revisions"}],"predecessor-version":[{"id":2183,"href":"https:\/\/redlat.cl\/index.php\/wp-json\/wp\/v2\/pages\/1688\/revisions\/2183"}],"wp:attachment":[{"href":"https:\/\/redlat.cl\/index.php\/wp-json\/wp\/v2\/media?parent=1688"}],"curies":[{"name":"wp","href":"https:\/\/api.w.org\/{rel}","templated":true}]}}