{"id":1519,"date":"2025-05-15T20:23:08","date_gmt":"2025-05-15T20:23:08","guid":{"rendered":"https:\/\/redlat.cl\/?page_id=1519"},"modified":"2025-05-15T20:23:08","modified_gmt":"2025-05-15T20:23:08","slug":"objetivos","status":"publish","type":"page","link":"https:\/\/redlat.cl\/index.php\/objetivos\/","title":{"rendered":"Objetivo General"},"content":{"rendered":"\t\t<div data-elementor-type=\"wp-page\" data-elementor-id=\"1519\" class=\"elementor elementor-1519\">\n\t\t\t\t<div class=\"elementor-element elementor-element-072067f e-flex e-con-boxed e-con e-parent\" data-id=\"072067f\" data-element_type=\"container\" data-e-type=\"container\">\n\t\t\t\t\t<div class=\"e-con-inner\">\n\t\t\t\t<div class=\"elementor-element elementor-element-7e0aec7 elementor-widget elementor-widget-text-editor\" data-id=\"7e0aec7\" data-element_type=\"widget\" data-e-type=\"widget\" data-widget_type=\"text-editor.default\">\n\t\t\t\t<div class=\"elementor-widget-container\">\n\t\t\t\t\t\t\t\t\t<p>Constituir una Red Latinoamericana de Educaci\u00f3n, Pol\u00edtica e Interculturalidad, en la que participen el Programa de Doctorado en Educaci\u00f3n Consorciado y los tres Grupos de Trabajo de CLACSO vinculados al campo educativo, que fomente la expansi\u00f3n y articulaci\u00f3n de iniciativas relacionadas con la producci\u00f3n de conocimiento en el \u00e1mbito educativo, con un \u00e9nfasis particular en la interculturalidad y su relaci\u00f3n con las pol\u00edticas p\u00fablicas, con el prop\u00f3sito de enriquecer el debate acad\u00e9mico, pol\u00edtico y social, compartir recursos y promover la colaboraci\u00f3n acad\u00e9mica en la regi\u00f3n latinoamericana.<\/p><table><tbody><tr><td><p><strong>Objetivos Espec\u00edficos<\/strong><\/p><ol><li><strong>Fomentar la colaboraci\u00f3n y cooperaci\u00f3n entre el Programa de Doctorado en Educaci\u00f3n Consorciado y los tres Grupos de Trabajo de CLACSO<\/strong>, mediante la organizaci\u00f3n de encuentros acad\u00e9micos, para el intercambio de conocimientos y experiencias en el campo educativo y la interculturalidad.<\/li><li><strong>Desarrollar acciones de formaci\u00f3n especializada en interculturalidad y pol\u00edticas p\u00fablicas<\/strong> mediante la realizaci\u00f3n de encuentros acad\u00e9micos dirigidos a estudiantes, docentes e investigadores, que aborden temas de interculturalidad y su relaci\u00f3n con las pol\u00edticas p\u00fablicas en el \u00e1mbito educativo, con el objetivo de fortalecer las capacidades y competencias de los participantes.<\/li><\/ol><\/td><\/tr><\/tbody><\/table><p><strong>Impulsar la investigaci\u00f3n y el debate sobre interculturalidad y pol\u00edticas p\u00fablicas<\/strong>: Promover proyectos de investigaci\u00f3n conjunta y publicaciones acad\u00e9micas que aborden la relaci\u00f3n entre interculturalidad y pol\u00edticas p\u00fablicas, con el fin de enriquecer el debate acad\u00e9mico, pol\u00edtico y social.<\/p>\t\t\t\t\t\t\t\t<\/div>\n\t\t\t\t<\/div>\n\t\t\t\t\t<\/div>\n\t\t\t\t<\/div>\n\t\t\t\t<\/div>\n\t\t","protected":false},"excerpt":{"rendered":"<p>Constituir una Red Latinoamericana de Educaci\u00f3n, Pol\u00edtica e Interculturalidad, en la que participen el Programa de Doctorado en Educaci\u00f3n Consorciado y los tres Grupos de Trabajo de CLACSO vinculados al &#8230;<\/p>\n","protected":false},"author":1,"featured_media":0,"parent":0,"menu_order":0,"comment_status":"closed","ping_status":"closed","template":"","meta":{"footnotes":""},"class_list":["post-1519","page","type-page","status-publish","hentry"],"_links":{"self":[{"href":"https:\/\/redlat.cl\/index.php\/wp-json\/wp\/v2\/pages\/1519","targetHints":{"allow":["GET"]}}],"collection":[{"href":"https:\/\/redlat.cl\/index.php\/wp-json\/wp\/v2\/pages"}],"about":[{"href":"https:\/\/redlat.cl\/index.php\/wp-json\/wp\/v2\/types\/page"}],"author":[{"embeddable":true,"href":"https:\/\/redlat.cl\/index.php\/wp-json\/wp\/v2\/users\/1"}],"replies":[{"embeddable":true,"href":"https:\/\/redlat.cl\/index.php\/wp-json\/wp\/v2\/comments?post=1519"}],"version-history":[{"count":0,"href":"https:\/\/redlat.cl\/index.php\/wp-json\/wp\/v2\/pages\/1519\/revisions"}],"wp:attachment":[{"href":"https:\/\/redlat.cl\/index.php\/wp-json\/wp\/v2\/media?parent=1519"}],"curies":[{"name":"wp","href":"https:\/\/api.w.org\/{rel}","templated":true}]}}