{"id":1514,"date":"2025-05-15T20:29:21","date_gmt":"2025-05-15T20:29:21","guid":{"rendered":"https:\/\/redlat.cl\/?page_id=1514"},"modified":"2025-06-12T18:24:33","modified_gmt":"2025-06-12T18:24:33","slug":"impacto-potencial","status":"publish","type":"page","link":"https:\/\/redlat.cl\/index.php\/impacto-potencial\/","title":{"rendered":"IMPACTO DE LA RED"},"content":{"rendered":"\t\t<div data-elementor-type=\"wp-page\" data-elementor-id=\"1514\" class=\"elementor elementor-1514\">\n\t\t\t\t<div class=\"elementor-element elementor-element-cd6d792 e-flex e-con-boxed e-con e-parent\" data-id=\"cd6d792\" data-element_type=\"container\" data-e-type=\"container\">\n\t\t\t\t\t<div class=\"e-con-inner\">\n\t\t\t\t<div class=\"elementor-element elementor-element-98cb88c elementor-widget elementor-widget-text-editor\" data-id=\"98cb88c\" data-element_type=\"widget\" data-e-type=\"widget\" data-widget_type=\"text-editor.default\">\n\t\t\t\t<div class=\"elementor-widget-container\">\n\t\t\t\t\t\t\t\t\t<p>La Red Latinoamericana de educaci\u00f3n, pol\u00edtica e interculturalidad fortalecer\u00e1 el trabajo desarrollado por los Grupos de Trabajo de CLACSO vinculados al campo educativo, particularmente a partir del foco intercultural y potenciar\u00e1 el trabajo de internacionalizaci\u00f3n del Programa de Doctorado en Educaci\u00f3n Consorciado. Todo lo anterior, impactar\u00e1 de la siguiente manera:<\/p><ul><li>El cuerpo acad\u00e9mico del Programa de Doctorado en Educaci\u00f3n Consorciado podr\u00e1 conocer y vincularse directamente con los Grupos de Trabajo de CLACSO vinculados al campo educativo, es decir, se <strong>amplificar\u00e1 la red de trabajo, a escala Latinoamericana, del claustro acad\u00e9mico<\/strong> del Programa de Doctorado.<\/li><\/ul><ul><li>El Programa de Doctorado en Educaci\u00f3n Consorciado, a partir de la vinculaci\u00f3n y el trabajo mancomunado con los Grupos de Trabajo de CLACSO, podr\u00e1 <strong>robustecer su l\u00ednea de investigaci\u00f3n denominada \u201cEducaci\u00f3n, territorio e interculturalidad\u201d<\/strong>, lo que es una necesidad y una demanda de las tres instituciones p\u00fablicas que sostienen el Programa.<\/li><\/ul><ul><li>Los Grupos de Trabajo de CLACSO que abordan tem\u00e1ticas de educaci\u00f3n, podr\u00e1n desarrollar sinergias y articulaciones entre s\u00ed, a partir del foco de la Red: educaci\u00f3n, pol\u00edtica e interculturalidad, lo que <strong>permitir\u00e1 desarrollar sus planes de trabajo<\/strong> (2023-2025) en las dimensiones asociadas a la producci\u00f3n de conocimiento y la articulaci\u00f3n con otras redes e instituciones latinoamericanas.<\/li><\/ul><ul><li>El cuerpo acad\u00e9mico del Programa de Doctorado en Educaci\u00f3n Consorciado y los\/as investigadores\/as de los Grupos de Trabajo de CLACSO realizar\u00e1n <strong>publicaciones conjuntas<\/strong> (libros, art\u00edculos, boletines, entre otros), todo lo cual permitir\u00e1 socializar los resultados de investigaci\u00f3n y robustecer el di\u00e1logo acad\u00e9mico en torno a los problemas de la interculturalidad.<\/li><\/ul>\t\t\t\t\t\t\t\t<\/div>\n\t\t\t\t<\/div>\n\t\t\t\t\t<\/div>\n\t\t\t\t<\/div>\n\t\t\t\t<\/div>\n\t\t","protected":false},"excerpt":{"rendered":"<p>La Red Latinoamericana de educaci\u00f3n, pol\u00edtica e interculturalidad fortalecer\u00e1 el trabajo desarrollado por los Grupos de Trabajo de CLACSO vinculados al campo educativo, particularmente a partir del foco intercultural y &#8230;<\/p>\n","protected":false},"author":1,"featured_media":1985,"parent":0,"menu_order":0,"comment_status":"closed","ping_status":"closed","template":"","meta":{"footnotes":""},"class_list":["post-1514","page","type-page","status-publish","has-post-thumbnail","hentry"],"_links":{"self":[{"href":"https:\/\/redlat.cl\/index.php\/wp-json\/wp\/v2\/pages\/1514","targetHints":{"allow":["GET"]}}],"collection":[{"href":"https:\/\/redlat.cl\/index.php\/wp-json\/wp\/v2\/pages"}],"about":[{"href":"https:\/\/redlat.cl\/index.php\/wp-json\/wp\/v2\/types\/page"}],"author":[{"embeddable":true,"href":"https:\/\/redlat.cl\/index.php\/wp-json\/wp\/v2\/users\/1"}],"replies":[{"embeddable":true,"href":"https:\/\/redlat.cl\/index.php\/wp-json\/wp\/v2\/comments?post=1514"}],"version-history":[{"count":1,"href":"https:\/\/redlat.cl\/index.php\/wp-json\/wp\/v2\/pages\/1514\/revisions"}],"predecessor-version":[{"id":1990,"href":"https:\/\/redlat.cl\/index.php\/wp-json\/wp\/v2\/pages\/1514\/revisions\/1990"}],"wp:featuredmedia":[{"embeddable":true,"href":"https:\/\/redlat.cl\/index.php\/wp-json\/wp\/v2\/media\/1985"}],"wp:attachment":[{"href":"https:\/\/redlat.cl\/index.php\/wp-json\/wp\/v2\/media?parent=1514"}],"curies":[{"name":"wp","href":"https:\/\/api.w.org\/{rel}","templated":true}]}}