{"id":1510,"date":"2025-05-15T20:18:39","date_gmt":"2025-05-15T20:18:39","guid":{"rendered":"https:\/\/redlat.cl\/?page_id=1510"},"modified":"2025-06-12T18:48:43","modified_gmt":"2025-06-12T18:48:43","slug":"presentacion","status":"publish","type":"page","link":"https:\/\/redlat.cl\/index.php\/presentacion\/","title":{"rendered":"Presentaci\u00f3n"},"content":{"rendered":"\t\t<div data-elementor-type=\"wp-page\" data-elementor-id=\"1510\" class=\"elementor elementor-1510\">\n\t\t\t\t<div class=\"elementor-element elementor-element-7f1f1e82 e-flex e-con-boxed e-con e-parent\" data-id=\"7f1f1e82\" data-element_type=\"container\" data-e-type=\"container\">\n\t\t\t\t\t<div class=\"e-con-inner\">\n\t\t\t\t<div class=\"elementor-element elementor-element-10137dbc elementor-widget elementor-widget-text-editor\" data-id=\"10137dbc\" data-element_type=\"widget\" data-e-type=\"widget\" data-widget_type=\"text-editor.default\">\n\t\t\t\t<div class=\"elementor-widget-container\">\n\t\t\t\t\t\t\t\t\t<p>El proyecto \u201c<strong>Red Latinoamericana de Educaci\u00f3n, Pol\u00edtica e Interculturalidad<\/strong>\u201d busca propiciar el encuentro y articulaci\u00f3n de investigadores\/as y sus respectivas instituciones, con la finalidad de encontrar respuestas colaborativas a interrogantes complejas que involucran la triada \u00abEducaci\u00f3n, Pol\u00edtica e Interculturalidad\u00bb, otorgando un especial foco a este \u00faltimo componente (interculturalidad), debido a la relevancia de las problem\u00e1ticas que se cruzan desde la interacci\u00f3n entre el campo social y el campo educativo en el contexto latinoamericano actual. Para ello, se propone interconectar el trabajo investigativo y formativo impulsado por el programa de Doctorado en Educaci\u00f3n Consorciado de tres universidades p\u00fablicas y regionales chilenas, Universidad de Playa Ancha, Universidad de Los Lagos y Universidad de Antofagasta; con el trabajo realizado por el Consejo Latinoamericano de Ciencias Sociales (CLACSO), a trav\u00e9s de sus Grupos de Trabajo (GT) de educaci\u00f3n, los cuales son constituidos como \u201credes interdisciplinarias de investigadores de distintos pa\u00edses de Latinoam\u00e9rica y el Caribe, que se re\u00fanen alrededor de un tema o problema social relevante para la regi\u00f3n\u201d (CLACSO, 2024), enfocados en la producci\u00f3n de conocimiento comparado relevante y riguroso, que permite potenciar la relaci\u00f3n entre investigadores, responsables de pol\u00edticas p\u00fablicas y organizaciones sociales.\u00a0<\/p><p>Dada la convergencia tem\u00e1tica, los v\u00ednculos previamente constituidos en el campo educativo, y la necesidad por profundizar en la producci\u00f3n de conocimiento relevante en el \u00e1mbito de la interculturalidad y sus dimensiones pol\u00edticas, y por lo tanto, desde una perspectiva cr\u00edtica y situada, el proyecto de <strong>Red Latinoamericana de Educaci\u00f3n, Pol\u00edtica e Interculturalidad<\/strong>, articula conceptualmente las estrategias de producci\u00f3n de conocimiento del programa doctoral y los respectivos GT, as\u00ed como en su desarrollo de redes internacionales, permitiendo enriquecer el debate, compartir recursos, y favorecer el intercambio de experiencias, con un impacto en procesos formativos de alta complejidad, y la generaci\u00f3n de producci\u00f3n de conocimientos y saberes puestos a disposici\u00f3n de comunidades investigativas y del \u00e1mbito educativo, a escala internacional.<\/p><p><!-- \/wp:paragraph --><\/p>\t\t\t\t\t\t\t\t<\/div>\n\t\t\t\t<\/div>\n\t\t\t\t\t<\/div>\n\t\t\t\t<\/div>\n\t\t\t\t<\/div>\n\t\t","protected":false},"excerpt":{"rendered":"<p>El proyecto \u201cRed Latinoamericana de Educaci\u00f3n, Pol\u00edtica e Interculturalidad\u201d busca propiciar el encuentro y articulaci\u00f3n de investigadores\/as y sus respectivas instituciones, con la finalidad de encontrar respuestas colaborativas a interrogantes &#8230;<\/p>\n","protected":false},"author":1,"featured_media":0,"parent":0,"menu_order":0,"comment_status":"closed","ping_status":"closed","template":"","meta":{"footnotes":""},"class_list":["post-1510","page","type-page","status-publish","hentry"],"_links":{"self":[{"href":"https:\/\/redlat.cl\/index.php\/wp-json\/wp\/v2\/pages\/1510","targetHints":{"allow":["GET"]}}],"collection":[{"href":"https:\/\/redlat.cl\/index.php\/wp-json\/wp\/v2\/pages"}],"about":[{"href":"https:\/\/redlat.cl\/index.php\/wp-json\/wp\/v2\/types\/page"}],"author":[{"embeddable":true,"href":"https:\/\/redlat.cl\/index.php\/wp-json\/wp\/v2\/users\/1"}],"replies":[{"embeddable":true,"href":"https:\/\/redlat.cl\/index.php\/wp-json\/wp\/v2\/comments?post=1510"}],"version-history":[{"count":3,"href":"https:\/\/redlat.cl\/index.php\/wp-json\/wp\/v2\/pages\/1510\/revisions"}],"predecessor-version":[{"id":2043,"href":"https:\/\/redlat.cl\/index.php\/wp-json\/wp\/v2\/pages\/1510\/revisions\/2043"}],"wp:attachment":[{"href":"https:\/\/redlat.cl\/index.php\/wp-json\/wp\/v2\/media?parent=1510"}],"curies":[{"name":"wp","href":"https:\/\/api.w.org\/{rel}","templated":true}]}}